{"id":413,"date":"2025-10-21T12:36:35","date_gmt":"2025-10-21T10:36:35","guid":{"rendered":"https:\/\/bgmverein.eu\/index.php\/verein-2\/"},"modified":"2025-12-23T17:14:00","modified_gmt":"2025-12-23T16:14:00","slug":"verein-2","status":"publish","type":"page","link":"https:\/\/bgmverein.eu\/","title":{"rendered":"Verein"},"content":{"rendered":"\t\t<div data-elementor-type=\"wp-post\" data-elementor-id=\"413\" class=\"elementor elementor-413\" data-elementor-post-type=\"page\">\n\t\t\t\t<div class=\"elementor-element elementor-element-d0b0d61 e-flex e-con-boxed e-con e-parent\" data-id=\"d0b0d61\" data-element_type=\"container\" data-settings=\"{&quot;background_background&quot;:&quot;classic&quot;}\">\n\t\t\t\t\t<div class=\"e-con-inner\">\n\t\t\t\t<div class=\"elementor-element elementor-element-71c7d193 elementor-widget elementor-widget-image\" data-id=\"71c7d193\" data-element_type=\"widget\" data-widget_type=\"image.default\">\n\t\t\t\t\t\t\t\t\t\t\t\t\t\t\t<img fetchpriority=\"high\" decoding=\"async\" width=\"1024\" height=\"467\" src=\"https:\/\/bgmverein.eu\/wp1\/wp-content\/uploads\/2025\/10\/BGMLogoVereinTransparent07.7-1024x467.png\" class=\"attachment-large size-large wp-image-414\" alt=\"\" srcset=\"https:\/\/bgmverein.eu\/wp1\/wp-content\/uploads\/2025\/10\/BGMLogoVereinTransparent07.7-1024x467.png 1024w, https:\/\/bgmverein.eu\/wp1\/wp-content\/uploads\/2025\/10\/BGMLogoVereinTransparent07.7-300x137.png 300w, https:\/\/bgmverein.eu\/wp1\/wp-content\/uploads\/2025\/10\/BGMLogoVereinTransparent07.7-768x351.png 768w, https:\/\/bgmverein.eu\/wp1\/wp-content\/uploads\/2025\/10\/BGMLogoVereinTransparent07.7.png 1376w\" sizes=\"(max-width: 1024px) 100vw, 1024px\" \/>\t\t\t\t\t\t\t\t\t\t\t\t\t\t\t<\/div>\n\t\t\t\t<div class=\"elementor-element elementor-element-154a20ff elementor-widget elementor-widget-text-editor\" data-id=\"154a20ff\" data-element_type=\"widget\" data-widget_type=\"text-editor.default\">\n\t\t\t\t\t\t\t\t\t<p>BGM ist ein gemeinn\u00fctziger Verein und wurde am Ende der Coronazeit im Jahr 2022 in der Steiermark in \u00d6sterreich gegr\u00fcndet. Der Verein besteht zum gr\u00f6\u00dften Teil aus ehrenamtlichen Mitarbeitern, deren T\u00e4tigkeit nicht auf Gewinn ausgerichtet ist.<\/p>\t\t\t\t\t\t\t\t<\/div>\n\t\t\t\t<div class=\"elementor-element elementor-element-52c17916 elementor-widget elementor-widget-text-editor\" data-id=\"52c17916\" data-element_type=\"widget\" data-widget_type=\"text-editor.default\">\n\t\t\t\t\t\t\t\t\t<p>Der Zweck dieses Vereins ist es, die Bev\u00f6lkerung vorwiegend im gesamten deutschsprachigen Raum zu erreichen. Dazu dienen ideelle Mittel wie Hausbesuche und \u00f6ffentliche Vortr\u00e4ge zum Thema \u201eF\u00f6rderung ganzheitlicher Gesundheit\u201c nach dem Konzept \u201e<strong>NewstartPlus<\/strong>\u201c.\u00a0<\/p>\t\t\t\t\t\t\t\t<\/div>\n\t\t\t\t<div class=\"elementor-element elementor-element-3fa05dab elementor-widget elementor-widget-image\" data-id=\"3fa05dab\" data-element_type=\"widget\" data-widget_type=\"image.default\">\n\t\t\t\t\t\t\t\t\t\t\t\t\t\t\t<img decoding=\"async\" width=\"2384\" height=\"1521\" src=\"https:\/\/bgmverein.eu\/wp1\/wp-content\/uploads\/2025\/10\/NewstartPlus5.png\" class=\"attachment-full size-full wp-image-415\" alt=\"\" srcset=\"https:\/\/bgmverein.eu\/wp1\/wp-content\/uploads\/2025\/10\/NewstartPlus5.png 2384w, https:\/\/bgmverein.eu\/wp1\/wp-content\/uploads\/2025\/10\/NewstartPlus5-300x191.png 300w, https:\/\/bgmverein.eu\/wp1\/wp-content\/uploads\/2025\/10\/NewstartPlus5-1024x653.png 1024w, https:\/\/bgmverein.eu\/wp1\/wp-content\/uploads\/2025\/10\/NewstartPlus5-768x490.png 768w, https:\/\/bgmverein.eu\/wp1\/wp-content\/uploads\/2025\/10\/NewstartPlus5-1536x980.png 1536w, https:\/\/bgmverein.eu\/wp1\/wp-content\/uploads\/2025\/10\/NewstartPlus5-2048x1307.png 2048w\" sizes=\"(max-width: 2384px) 100vw, 2384px\" \/>\t\t\t\t\t\t\t\t\t\t\t\t\t\t\t<\/div>\n\t\t\t\t<div class=\"elementor-element elementor-element-15aa9ca9 elementor-widget elementor-widget-text-editor\" data-id=\"15aa9ca9\" data-element_type=\"widget\" data-widget_type=\"text-editor.default\">\n\t\t\t\t\t\t\t\t\t<p>Der Verein betreibt keine Verkaufst\u00e4tigkeit, sondern stellt Informationen unentgeltlich zur Verf\u00fcgung.\u00a0\u00a0<\/p>\t\t\t\t\t\t\t\t<\/div>\n\t\t\t\t<div class=\"elementor-element elementor-element-2a68b06d HTML-Container elementor-widget elementor-widget-html\" data-id=\"2a68b06d\" data-element_type=\"widget\" data-widget_type=\"html.default\">\n\t\t\t\t\t<style>\n  .impressum-modal p {\n    margin-bottom: 12px;\n  }\n<\/style>\n\n<div class=\"impressum-overlay\">\n  <div class=\"impressum-modal\">\n    <button class=\"close-impressum close-btn\">\u00d7<\/button>\n    <h2>Impressum<\/h2>\n    \n    <p><strong>Verein:<\/strong><br>\n    B G M - Botschafter-Ganzheitlicher-Gesundheits-Mission<\/p>\n    \n    <p><strong>Anschrift:<\/strong><br>\n    Am M\u00fchlbach 16<br>\n    8501 Lieboch, \u00d6sterreich<\/p>\n    \n    <p><strong>ZVR-Zahl:<\/strong><br>\n    1080212872<\/p>\n    \n    <p><strong>Vertretungsberechtigt:<\/strong><br>\n    Obmann Ing. Manfred Tritscher<\/p>\n    \n    <p><strong>Kontakt:<\/strong><br>\n    E-Mail: bgm.verein@gmx.at<\/p>\n    \n    <p><strong>Vereinszweck:<\/strong><br>\n    Pr\u00e4ventionsarbeit f\u00fcr eine naturgem\u00e4\u00dfe Lebensweise zu den Themen Gesundheit, Familie und Lebensfragen auf der Grundlage christlicher Werte.<\/p>\n  <\/div>\n<\/div>\n\t\t\t\t<\/div>\n\t\t\t\t<div class=\"elementor-element elementor-element-339a49d9 HTML-Container elementor-widget elementor-widget-html\" data-id=\"339a49d9\" data-element_type=\"widget\" data-widget_type=\"html.default\">\n\t\t\t\t\t<script>\n(function () {\n  function overlay(){ return document.querySelector('.impressum-overlay'); }\n  function modal(){ return document.querySelector('.impressum-modal'); }\n\n  function openImpressum(){\n    const ov = overlay(); if(!ov) return;\n    ov.classList.add('active');\n    document.body.style.overflow = 'hidden'; \/\/ optional: scroll sperren\n  }\n  function closeImpressum(){\n    const ov = overlay(); if(!ov) return;\n    ov.classList.remove('active');\n    document.body.style.overflow = '';\n  }\n\n  \/\/ Delegierter Click: funktioniert auch wenn der Link sp\u00e4ter kommt\n  document.addEventListener('click', function(e){\n    const openBtn = e.target.closest && e.target.closest('#open-impressum');\n    if (openBtn) { e.preventDefault(); openImpressum(); return; }\n\n    if (e.target.closest && e.target.closest('.close-impressum')) { e.preventDefault(); closeImpressum(); return; }\n\n    const ov = overlay();\n    const md = modal();\n    \/\/ Klick auf Overlay-Hintergrund schlie\u00dft\n    if (ov && ov.classList.contains('active') && e.target === ov) {\n      closeImpressum();\n      return;\n    }\n    \/\/ optional: Klick au\u00dferhalb des Modals (wenn Overlay andere Struktur hat)\n    if (ov && ov.classList.contains('active') && md && !md.contains(e.target) && ov.contains(e.target)) {\n      closeImpressum();\n    }\n  });\n\n  \/\/ Escape schlie\u00dft\n  document.addEventListener('keydown', function(e){\n    if (e.key === 'Escape') closeImpressum();\n  });\n})();\n<\/script>\n\t\t\t\t<\/div>\n\t\t\t\t\t<\/div>\n\t\t\t\t<\/div>\n\t\t<div class=\"elementor-element elementor-element-6b19ca39 e-flex e-con-boxed e-con e-parent\" data-id=\"6b19ca39\" data-element_type=\"container\" data-settings=\"{&quot;background_background&quot;:&quot;classic&quot;}\">\n\t\t\t\t\t<div class=\"e-con-inner\">\n\t\t\t\t<div class=\"elementor-element elementor-element-4c955df9 elementor-widget elementor-widget-text-editor\" data-id=\"4c955df9\" data-element_type=\"widget\" data-widget_type=\"text-editor.default\">\n\t\t\t\t\t\t\t\t\tBotschafter f\u00fcr Ganzheitliche Gesundheit setzen sich daf\u00fcr ein, ein umfassendes Verst\u00e4ndnis von Gesundheit zu f\u00f6rdern \u2013 also Gesundheit nicht nur auf k\u00f6rperlicher Ebene zu betrachten, sondern auch auf emotionaler, mentaler, sozialer und spiritueller Ebene.\t\t\t\t\t\t\t\t<\/div>\n\t\t\t\t<div class=\"elementor-element elementor-element-2e8e7a27 elementor-widget elementor-widget-text-editor\" data-id=\"2e8e7a27\" data-element_type=\"widget\" data-widget_type=\"text-editor.default\">\n\t\t\t\t\t\t\t\t\t<strong>Was bedeutet &#8222;Ganzheitliche Gesundheit&#8220;?<\/strong>\nGanzheitliche Gesundheit bedeutet, den <strong>Menschen als Ganzes<\/strong> zu sehen \u2013 nicht nur Symptome zu behandeln, sondern Ursachen zu verstehen und K\u00f6rper, Geist und Seele in Einklang zu bringen. Dazu z\u00e4hlen unter anderem:\n\n&nbsp;\n<ul>\n \t<li><strong>K\u00f6rperliche Gesundheit<\/strong> (z.\u202fB. Ern\u00e4hrung, Bewegung, Schlaf)<\/li>\n \t<li><strong>Mentale Gesundheit<\/strong> (z.\u202fB. Stressmanagement, Achtsamkeit)<\/li>\n \t<li><strong>Emotionale Gesundheit<\/strong> (z.\u202fB. Umgang mit Gef\u00fchlen, Traumaheilung)<\/li>\n \t<li><strong>Soziale Gesundheit<\/strong> (z.\u202fB. Beziehungen, Gemeinschaft)<\/li>\n \t<li><strong>Spirituelle Gesundheit<\/strong> (z.\u202fB. Sinnfindung, Werte, Verbindung zu etwas Gr\u00f6\u00dferem)<\/li>\n<\/ul>\t\t\t\t\t\t\t\t<\/div>\n\t\t\t\t<div class=\"elementor-element elementor-element-623e719c elementor-widget elementor-widget-text-editor\" data-id=\"623e719c\" data-element_type=\"widget\" data-widget_type=\"text-editor.default\">\n\t\t\t\t\t\t\t\t\t<strong>Aufgaben eines Botschafters f\u00fcr Ganzheitliche Gesundheit<\/strong> \n<ul>\n \t<li>Menschen \u00fcber gesundheitsf\u00f6rdernde Ma\u00dfnahmen informieren (z.\u202fB. Workshops, Vortr\u00e4ge, Online-Inhalte)<\/li>\n \t<li>Inspiration und Motivation geben, gesunde Lebensweisen zu entwickeln<\/li>\n \t<li>Auf gesellschaftlicher Ebene zu einem bewussteren Umgang mit Gesundheit beitragen<\/li>\n<\/ul>\t\t\t\t\t\t\t\t<\/div>\n\t\t\t\t<div class=\"elementor-element elementor-element-27f8c80f elementor-widget elementor-widget-text-editor\" data-id=\"27f8c80f\" data-element_type=\"widget\" data-widget_type=\"text-editor.default\">\n\t\t\t\t\t\t\t\t\t<p>Ein Botschafter f\u00fcr Ganzheitliche Gesundheit ist also jemand, der sich <strong>aktiv f\u00fcr eine gesunde, balancierte und bewusste Lebensweise<\/strong> einsetzt \u2013 f\u00fcr sich selbst und andere. Es geht dabei vor allem um <strong>Vorbeugung, Bewusstseinsbildung und Lebensqualit\u00e4t<\/strong>.<\/p>\t\t\t\t\t\t\t\t<\/div>\n\t\t\t\t\t<\/div>\n\t\t\t\t<\/div>\n\t\t\t\t<\/div>\n\t\t","protected":false},"excerpt":{"rendered":"<p>BGM ist ein gemeinn\u00fctziger Verein und wurde am Ende der Coronazeit im Jahr 2022 in der Steiermark in \u00d6sterreich gegr\u00fcndet. Der Verein besteht zum gr\u00f6\u00dften Teil aus ehrenamtlichen Mitarbeitern, deren T\u00e4tigkeit nicht auf Gewinn ausgerichtet ist. Der Zweck dieses Vereins ist es, die Bev\u00f6lkerung vorwiegend im gesamten deutschsprachigen Raum zu erreichen. Dazu dienen ideelle Mittel [&hellip;]<\/p>\n","protected":false},"author":1,"featured_media":0,"parent":0,"menu_order":0,"comment_status":"closed","ping_status":"closed","template":"elementor_header_footer","meta":{"footnotes":""},"class_list":["post-413","page","type-page","status-publish","hentry"],"blocksy_meta":[],"_links":{"self":[{"href":"https:\/\/bgmverein.eu\/index.php\/wp-json\/wp\/v2\/pages\/413","targetHints":{"allow":["GET"]}}],"collection":[{"href":"https:\/\/bgmverein.eu\/index.php\/wp-json\/wp\/v2\/pages"}],"about":[{"href":"https:\/\/bgmverein.eu\/index.php\/wp-json\/wp\/v2\/types\/page"}],"author":[{"embeddable":true,"href":"https:\/\/bgmverein.eu\/index.php\/wp-json\/wp\/v2\/users\/1"}],"replies":[{"embeddable":true,"href":"https:\/\/bgmverein.eu\/index.php\/wp-json\/wp\/v2\/comments?post=413"}],"version-history":[{"count":37,"href":"https:\/\/bgmverein.eu\/index.php\/wp-json\/wp\/v2\/pages\/413\/revisions"}],"predecessor-version":[{"id":522,"href":"https:\/\/bgmverein.eu\/index.php\/wp-json\/wp\/v2\/pages\/413\/revisions\/522"}],"wp:attachment":[{"href":"https:\/\/bgmverein.eu\/index.php\/wp-json\/wp\/v2\/media?parent=413"}],"curies":[{"name":"wp","href":"https:\/\/api.w.org\/{rel}","templated":true}]}}